{"id":11,"date":"2025-07-16T12:28:35","date_gmt":"2025-07-16T15:28:35","guid":{"rendered":"https:\/\/waptech.com.br\/?page_id=11"},"modified":"2025-07-16T22:27:29","modified_gmt":"2025-07-17T01:27:29","slug":"home","status":"publish","type":"page","link":"https:\/\/waptech.com.br\/","title":{"rendered":"Home"},"content":{"rendered":"\t\t<div data-elementor-type=\"wp-page\" data-elementor-id=\"11\" class=\"elementor elementor-11\" data-elementor-post-type=\"page\">\n\t\t\t\t<div class=\"elementor-element elementor-element-55980fb e-flex e-con-boxed e-con e-parent\" data-id=\"55980fb\" data-element_type=\"container\" data-settings=\"{&quot;background_background&quot;:&quot;classic&quot;}\">\n\t\t\t\t\t<div class=\"e-con-inner\">\n\t\t\t\t<div class=\"elementor-element elementor-element-da5ae3f elementor-widget elementor-widget-heading\" data-id=\"da5ae3f\" data-element_type=\"widget\" data-widget_type=\"heading.default\">\n\t\t\t\t\t<h2 class=\"elementor-heading-title elementor-size-default\">Sua rede vive caindo, sistemas lentos e usu\u00e1rios reclamando?<\/h2>\t\t\t\t<\/div>\n\t\t\t\t<div class=\"elementor-element elementor-element-8eb653b elementor-widget elementor-widget-heading\" data-id=\"8eb653b\" data-element_type=\"widget\" data-widget_type=\"heading.default\">\n\t\t\t\t\t<h2 class=\"elementor-heading-title elementor-size-default\">A Waptech gerencia sua infraestrutura de TI para evitar falhas, aumentar a performance e deixar sua opera\u00e7\u00e3o fluindo, sem dores de cabe\u00e7a.<\/h2>\t\t\t\t<\/div>\n\t\t\t\t\t<\/div>\n\t\t\t\t<\/div>\n\t\t<div class=\"elementor-element elementor-element-2e2774e e-flex e-con-boxed e-con e-parent\" data-id=\"2e2774e\" data-element_type=\"container\">\n\t\t\t\t\t<div class=\"e-con-inner\">\n\t\t<div class=\"elementor-element elementor-element-a74509f e-con-full e-flex e-con e-child\" data-id=\"a74509f\" data-element_type=\"container\">\n\t\t\t\t<div class=\"elementor-element elementor-element-b9ee9d0 elementor-invisible elementor-widget elementor-widget-image\" data-id=\"b9ee9d0\" data-element_type=\"widget\" data-settings=\"{&quot;_animation&quot;:&quot;fadeIn&quot;}\" data-widget_type=\"image.default\">\n\t\t\t\t\t\t\t\t\t\t\t\t\t\t\t<img fetchpriority=\"high\" decoding=\"async\" width=\"593\" height=\"502\" src=\"https:\/\/waptech.com.br\/wp-content\/uploads\/2025\/07\/servidores2.png\" class=\"attachment-full size-full wp-image-193\" alt=\"\" srcset=\"https:\/\/waptech.com.br\/wp-content\/uploads\/2025\/07\/servidores2.png 593w, https:\/\/waptech.com.br\/wp-content\/uploads\/2025\/07\/servidores2-300x254.png 300w\" sizes=\"(max-width: 593px) 100vw, 593px\" \/>\t\t\t\t\t\t\t\t\t\t\t\t\t\t\t<\/div>\n\t\t\t\t<\/div>\n\t\t<div class=\"elementor-element elementor-element-d7de08b e-con-full e-flex e-con e-child\" data-id=\"d7de08b\" data-element_type=\"container\">\n\t\t\t\t<div class=\"elementor-element elementor-element-1ff6ad3 elementor-widget elementor-widget-heading\" data-id=\"1ff6ad3\" data-element_type=\"widget\" data-widget_type=\"heading.default\">\n\t\t\t\t\t<h2 class=\"elementor-heading-title elementor-size-default\">Ol\u00e1, somos a<\/h2>\t\t\t\t<\/div>\n\t\t\t\t<div class=\"elementor-element elementor-element-307a0bf elementor-widget elementor-widget-heading\" data-id=\"307a0bf\" data-element_type=\"widget\" data-widget_type=\"heading.default\">\n\t\t\t\t\t<h2 class=\"elementor-heading-title elementor-size-default\">Waptech <\/h2>\t\t\t\t<\/div>\n\t\t\t\t<div class=\"elementor-element elementor-element-76e56ee elementor-widget elementor-widget-text-editor\" data-id=\"76e56ee\" data-element_type=\"widget\" data-widget_type=\"text-editor.default\">\n\t\t\t\t\t\t\t\t\t<p>Com 20 anos de trajet\u00f3ria s\u00f3lida e inovadora, nossa empresa \u00e9 refer\u00eancia no mercado de Tecnologia da Informa\u00e7\u00e3o. Desde a funda\u00e7\u00e3o, temos como miss\u00e3o impulsionar neg\u00f3cios atrav\u00e9s de solu\u00e7\u00f5es tecnol\u00f3gicas que geram efici\u00eancia, seguran\u00e7a e transforma\u00e7\u00e3o digital. Nossa experi\u00eancia nos permite antecipar tend\u00eancias e oferecer aos nossos clientes estrat\u00e9gias inteligentes para enfrentar os desafios de um mundo em constante evolu\u00e7\u00e3o.<\/p>\t\t\t\t\t\t\t\t<\/div>\n\t\t\t\t<\/div>\n\t\t\t\t\t<\/div>\n\t\t\t\t<\/div>\n\t\t\t\t<\/div>\n\t\t","protected":false},"excerpt":{"rendered":"<p>Sua rede vive caindo, sistemas lentos e usu\u00e1rios reclamando? A Waptech gerencia sua infraestrutura de TI para evitar falhas, aumentar [&hellip;]<\/p>\n","protected":false},"author":1,"featured_media":0,"parent":0,"menu_order":0,"comment_status":"closed","ping_status":"closed","template":"","meta":{"site-sidebar-layout":"no-sidebar","site-content-layout":"","ast-site-content-layout":"full-width-container","site-content-style":"default","site-sidebar-style":"default","ast-global-header-display":"","ast-banner-title-visibility":"","ast-main-header-display":"","ast-hfb-above-header-display":"","ast-hfb-below-header-display":"","ast-hfb-mobile-header-display":"","site-post-title":"disabled","ast-breadcrumbs-content":"","ast-featured-img":"disabled","footer-sml-layout":"","theme-transparent-header-meta":"","adv-header-id-meta":"","stick-header-meta":"","header-above-stick-meta":"","header-main-stick-meta":"","header-below-stick-meta":"","astra-migrate-meta-layouts":"default","ast-page-background-enabled":"default","ast-page-background-meta":{"desktop":{"background-color":"var(--ast-global-color-5)","background-image":"","background-repeat":"repeat","background-position":"center center","background-size":"auto","background-attachment":"scroll","background-type":"","background-media":"","overlay-type":"","overlay-color":"","overlay-opacity":"","overlay-gradient":""},"tablet":{"background-color":"","background-image":"","background-repeat":"repeat","background-position":"center center","background-size":"auto","background-attachment":"scroll","background-type":"","background-media":"","overlay-type":"","overlay-color":"","overlay-opacity":"","overlay-gradient":""},"mobile":{"background-color":"","background-image":"","background-repeat":"repeat","background-position":"center center","background-size":"auto","background-attachment":"scroll","background-type":"","background-media":"","overlay-type":"","overlay-color":"","overlay-opacity":"","overlay-gradient":""}},"ast-content-background-meta":{"desktop":{"background-color":"var(--ast-global-color-4)","background-image":"","background-repeat":"repeat","background-position":"center center","background-size":"auto","background-attachment":"scroll","background-type":"","background-media":"","overlay-type":"","overlay-color":"","overlay-opacity":"","overlay-gradient":""},"tablet":{"background-color":"var(--ast-global-color-4)","background-image":"","background-repeat":"repeat","background-position":"center center","background-size":"auto","background-attachment":"scroll","background-type":"","background-media":"","overlay-type":"","overlay-color":"","overlay-opacity":"","overlay-gradient":""},"mobile":{"background-color":"var(--ast-global-color-4)","background-image":"","background-repeat":"repeat","background-position":"center center","background-size":"auto","background-attachment":"scroll","background-type":"","background-media":"","overlay-type":"","overlay-color":"","overlay-opacity":"","overlay-gradient":""}},"footnotes":""},"class_list":["post-11","page","type-page","status-publish","hentry"],"_links":{"self":[{"href":"https:\/\/waptech.com.br\/index.php\/wp-json\/wp\/v2\/pages\/11","targetHints":{"allow":["GET"]}}],"collection":[{"href":"https:\/\/waptech.com.br\/index.php\/wp-json\/wp\/v2\/pages"}],"about":[{"href":"https:\/\/waptech.com.br\/index.php\/wp-json\/wp\/v2\/types\/page"}],"author":[{"embeddable":true,"href":"https:\/\/waptech.com.br\/index.php\/wp-json\/wp\/v2\/users\/1"}],"replies":[{"embeddable":true,"href":"https:\/\/waptech.com.br\/index.php\/wp-json\/wp\/v2\/comments?post=11"}],"version-history":[{"count":25,"href":"https:\/\/waptech.com.br\/index.php\/wp-json\/wp\/v2\/pages\/11\/revisions"}],"predecessor-version":[{"id":196,"href":"https:\/\/waptech.com.br\/index.php\/wp-json\/wp\/v2\/pages\/11\/revisions\/196"}],"wp:attachment":[{"href":"https:\/\/waptech.com.br\/index.php\/wp-json\/wp\/v2\/media?parent=11"}],"curies":[{"name":"wp","href":"https:\/\/api.w.org\/{rel}","templated":true}]}}